{"id":16024,"date":"2022-04-19T10:18:03","date_gmt":"2022-04-19T07:18:03","guid":{"rendered":"https:\/\/cplive.merada.dev\/product\/fellow-cortado-tass-monty-cup-must-130ml\/"},"modified":"2026-03-23T14:24:35","modified_gmt":"2026-03-23T12:24:35","slug":"fellow-cortado-tass-monty-cup-must-130ml","status":"publish","type":"product","link":"https:\/\/coffeepeople.ee\/en\/product\/fellow-cortado-tass-monty-cup-must-130ml\/","title":{"rendered":"Fellow cortado tass Monty Cup; must (130ml)"},"content":{"rendered":"<p>See on Monty &#8211; maailma ilusaim kohvitass, milles kohtuvad kvaliteetne disain ja funktsionaalne mugavus. Cortado tass mahutab ligi 130ml v\u00f5i 4.5 oz.<\/p>\n<p>Topelt keraamiliste &#8220;seintega&#8221; tass hoiab kohvi kauem kuumana.<br \/>\nParaboolikujuline sisemus aitab luua paremat latte kunsti.<br \/>\nTasside funktsionaalne disain aitab neid turvaliselt \u00fcksteise peal hoiustada.<br \/>\nTassidel on kaunis metalne p\u00f5hi &#8211; valgetel tassidel s\u00e4ravat vaskset v\u00e4rvi ning mustadel grafiiditooni.<\/p>\n<p>Fellow on USA kohvitarvikute tootja, kelle toodetes on kombineeritud funktsionaalsus ja esteetiline disain. Nende erinevad kannud, filterkohvi valmistamise komplektid ja muud tarvikud sobivad h\u00e4sti koduseks kasutamiseks, kuid teevad r\u00f5\u00f5msaks ka professionaalsed baristad.<\/p>\n","protected":false},"excerpt":{"rendered":"<p>See on Monty &#8211; maailma ilusaim kohvitass, milles kohtuvad kvaliteetne disain ja funktsionaalne mugavus. Cortado tass mahutab ligi 130ml v\u00f5i<\/p>\n","protected":false},"featured_media":14804,"comment_status":"open","ping_status":"closed","template":"","meta":{"_acf_changed":false,"inline_featured_image":false,"footnotes":""},"product_region":[],"product_taste":[],"product_plantation":[],"product_brand":[],"product_cat":[1285],"product_tag":[],"class_list":{"0":"post-16024","1":"product","2":"type-product","3":"status-publish","4":"has-post-thumbnail","6":"product_cat-fellow-en","8":"first","9":"instock","10":"taxable","11":"shipping-taxable","12":"purchasable","13":"product-type-simple"},"acf":[],"yoast_head":"<!-- This site is optimized with the Yoast SEO plugin v26.7 - https:\/\/yoast.com\/wordpress\/plugins\/seo\/ -->\n<title>Fellow cortado tass Monty Cup; must (130ml) - Coffee People<\/title>\n<meta name=\"robots\" content=\"index, follow, max-snippet:-1, max-image-preview:large, max-video-preview:-1\" \/>\n<link rel=\"canonical\" href=\"https:\/\/coffeepeople.ee\/en\/product\/fellow-cortado-tass-monty-cup-must-130ml\/\" \/>\n<meta property=\"og:locale\" content=\"en_US\" \/>\n<meta property=\"og:type\" content=\"article\" \/>\n<meta property=\"og:title\" content=\"Fellow cortado tass Monty Cup; must (130ml) - Coffee People\" \/>\n<meta property=\"og:description\" content=\"See on Monty &#8211; maailma ilusaim kohvitass, milles kohtuvad kvaliteetne disain ja funktsionaalne mugavus. Cortado tass mahutab ligi 130ml v\u00f5i\" \/>\n<meta property=\"og:url\" content=\"https:\/\/coffeepeople.ee\/en\/product\/fellow-cortado-tass-monty-cup-must-130ml\/\" \/>\n<meta property=\"og:site_name\" content=\"Coffee People\" \/>\n<meta property=\"article:modified_time\" content=\"2026-03-23T12:24:35+00:00\" \/>\n<meta property=\"og:image\" content=\"https:\/\/coffeepeople.ee\/wp-content\/uploads\/2022\/04\/TG7A9220-v1.jpg\" \/>\n\t<meta property=\"og:image:width\" content=\"830\" \/>\n\t<meta property=\"og:image:height\" content=\"554\" \/>\n\t<meta property=\"og:image:type\" content=\"image\/jpeg\" \/>\n<meta name=\"twitter:card\" content=\"summary_large_image\" \/>\n<script type=\"application\/ld+json\" class=\"yoast-schema-graph\">{\"@context\":\"https:\/\/schema.org\",\"@graph\":[{\"@type\":\"WebPage\",\"@id\":\"https:\/\/coffeepeople.ee\/en\/product\/fellow-cortado-tass-monty-cup-must-130ml\/\",\"url\":\"https:\/\/coffeepeople.ee\/en\/product\/fellow-cortado-tass-monty-cup-must-130ml\/\",\"name\":\"Fellow cortado tass Monty Cup; must (130ml) - Coffee People\",\"isPartOf\":{\"@id\":\"https:\/\/coffeepeople.ee\/#website\"},\"primaryImageOfPage\":{\"@id\":\"https:\/\/coffeepeople.ee\/en\/product\/fellow-cortado-tass-monty-cup-must-130ml\/#primaryimage\"},\"image\":{\"@id\":\"https:\/\/coffeepeople.ee\/en\/product\/fellow-cortado-tass-monty-cup-must-130ml\/#primaryimage\"},\"thumbnailUrl\":\"https:\/\/coffeepeople.ee\/wp-content\/uploads\/2022\/04\/TG7A9220-v1.jpg\",\"datePublished\":\"2022-04-19T07:18:03+00:00\",\"dateModified\":\"2026-03-23T12:24:35+00:00\",\"breadcrumb\":{\"@id\":\"https:\/\/coffeepeople.ee\/en\/product\/fellow-cortado-tass-monty-cup-must-130ml\/#breadcrumb\"},\"inLanguage\":\"en-US\",\"potentialAction\":[{\"@type\":\"ReadAction\",\"target\":[\"https:\/\/coffeepeople.ee\/en\/product\/fellow-cortado-tass-monty-cup-must-130ml\/\"]}]},{\"@type\":\"ImageObject\",\"inLanguage\":\"en-US\",\"@id\":\"https:\/\/coffeepeople.ee\/en\/product\/fellow-cortado-tass-monty-cup-must-130ml\/#primaryimage\",\"url\":\"https:\/\/coffeepeople.ee\/wp-content\/uploads\/2022\/04\/TG7A9220-v1.jpg\",\"contentUrl\":\"https:\/\/coffeepeople.ee\/wp-content\/uploads\/2022\/04\/TG7A9220-v1.jpg\",\"width\":830,\"height\":554},{\"@type\":\"BreadcrumbList\",\"@id\":\"https:\/\/coffeepeople.ee\/en\/product\/fellow-cortado-tass-monty-cup-must-130ml\/#breadcrumb\",\"itemListElement\":[{\"@type\":\"ListItem\",\"position\":1,\"name\":\"Home\",\"item\":\"https:\/\/coffeepeople.ee\/en\/\"},{\"@type\":\"ListItem\",\"position\":2,\"name\":\"Shop\",\"item\":\"https:\/\/coffeepeople.ee\/en\/shop\/\"},{\"@type\":\"ListItem\",\"position\":3,\"name\":\"Fellow cortado tass Monty Cup; must (130ml)\"}]},{\"@type\":\"WebSite\",\"@id\":\"https:\/\/coffeepeople.ee\/#website\",\"url\":\"https:\/\/coffeepeople.ee\/\",\"name\":\"Coffee People\",\"description\":\"Kas usud, et maailma parimat kohvi tehakse Eestis?\",\"publisher\":{\"@id\":\"https:\/\/coffeepeople.ee\/#organization\"},\"potentialAction\":[{\"@type\":\"SearchAction\",\"target\":{\"@type\":\"EntryPoint\",\"urlTemplate\":\"https:\/\/coffeepeople.ee\/?s={search_term_string}\"},\"query-input\":{\"@type\":\"PropertyValueSpecification\",\"valueRequired\":true,\"valueName\":\"search_term_string\"}}],\"inLanguage\":\"en-US\"},{\"@type\":\"Organization\",\"@id\":\"https:\/\/coffeepeople.ee\/#organization\",\"name\":\"Coffee People\",\"url\":\"https:\/\/coffeepeople.ee\/\",\"logo\":{\"@type\":\"ImageObject\",\"inLanguage\":\"en-US\",\"@id\":\"https:\/\/coffeepeople.ee\/#\/schema\/logo\/image\/\",\"url\":\"https:\/\/coffeepeople.ee\/wp-content\/uploads\/2021\/06\/coffee-people-logo.png\",\"contentUrl\":\"https:\/\/coffeepeople.ee\/wp-content\/uploads\/2021\/06\/coffee-people-logo.png\",\"width\":188,\"height\":63,\"caption\":\"Coffee People\"},\"image\":{\"@id\":\"https:\/\/coffeepeople.ee\/#\/schema\/logo\/image\/\"}}]}<\/script>\n<!-- \/ Yoast SEO plugin. -->","yoast_head_json":{"title":"Fellow cortado tass Monty Cup; must (130ml) - Coffee People","robots":{"index":"index","follow":"follow","max-snippet":"max-snippet:-1","max-image-preview":"max-image-preview:large","max-video-preview":"max-video-preview:-1"},"canonical":"https:\/\/coffeepeople.ee\/en\/product\/fellow-cortado-tass-monty-cup-must-130ml\/","og_locale":"en_US","og_type":"article","og_title":"Fellow cortado tass Monty Cup; must (130ml) - Coffee People","og_description":"See on Monty &#8211; maailma ilusaim kohvitass, milles kohtuvad kvaliteetne disain ja funktsionaalne mugavus. Cortado tass mahutab ligi 130ml v\u00f5i","og_url":"https:\/\/coffeepeople.ee\/en\/product\/fellow-cortado-tass-monty-cup-must-130ml\/","og_site_name":"Coffee People","article_modified_time":"2026-03-23T12:24:35+00:00","og_image":[{"width":830,"height":554,"url":"https:\/\/coffeepeople.ee\/wp-content\/uploads\/2022\/04\/TG7A9220-v1.jpg","type":"image\/jpeg"}],"twitter_card":"summary_large_image","schema":{"@context":"https:\/\/schema.org","@graph":[{"@type":"WebPage","@id":"https:\/\/coffeepeople.ee\/en\/product\/fellow-cortado-tass-monty-cup-must-130ml\/","url":"https:\/\/coffeepeople.ee\/en\/product\/fellow-cortado-tass-monty-cup-must-130ml\/","name":"Fellow cortado tass Monty Cup; must (130ml) - Coffee People","isPartOf":{"@id":"https:\/\/coffeepeople.ee\/#website"},"primaryImageOfPage":{"@id":"https:\/\/coffeepeople.ee\/en\/product\/fellow-cortado-tass-monty-cup-must-130ml\/#primaryimage"},"image":{"@id":"https:\/\/coffeepeople.ee\/en\/product\/fellow-cortado-tass-monty-cup-must-130ml\/#primaryimage"},"thumbnailUrl":"https:\/\/coffeepeople.ee\/wp-content\/uploads\/2022\/04\/TG7A9220-v1.jpg","datePublished":"2022-04-19T07:18:03+00:00","dateModified":"2026-03-23T12:24:35+00:00","breadcrumb":{"@id":"https:\/\/coffeepeople.ee\/en\/product\/fellow-cortado-tass-monty-cup-must-130ml\/#breadcrumb"},"inLanguage":"en-US","potentialAction":[{"@type":"ReadAction","target":["https:\/\/coffeepeople.ee\/en\/product\/fellow-cortado-tass-monty-cup-must-130ml\/"]}]},{"@type":"ImageObject","inLanguage":"en-US","@id":"https:\/\/coffeepeople.ee\/en\/product\/fellow-cortado-tass-monty-cup-must-130ml\/#primaryimage","url":"https:\/\/coffeepeople.ee\/wp-content\/uploads\/2022\/04\/TG7A9220-v1.jpg","contentUrl":"https:\/\/coffeepeople.ee\/wp-content\/uploads\/2022\/04\/TG7A9220-v1.jpg","width":830,"height":554},{"@type":"BreadcrumbList","@id":"https:\/\/coffeepeople.ee\/en\/product\/fellow-cortado-tass-monty-cup-must-130ml\/#breadcrumb","itemListElement":[{"@type":"ListItem","position":1,"name":"Home","item":"https:\/\/coffeepeople.ee\/en\/"},{"@type":"ListItem","position":2,"name":"Shop","item":"https:\/\/coffeepeople.ee\/en\/shop\/"},{"@type":"ListItem","position":3,"name":"Fellow cortado tass Monty Cup; must (130ml)"}]},{"@type":"WebSite","@id":"https:\/\/coffeepeople.ee\/#website","url":"https:\/\/coffeepeople.ee\/","name":"Coffee People","description":"Kas usud, et maailma parimat kohvi tehakse Eestis?","publisher":{"@id":"https:\/\/coffeepeople.ee\/#organization"},"potentialAction":[{"@type":"SearchAction","target":{"@type":"EntryPoint","urlTemplate":"https:\/\/coffeepeople.ee\/?s={search_term_string}"},"query-input":{"@type":"PropertyValueSpecification","valueRequired":true,"valueName":"search_term_string"}}],"inLanguage":"en-US"},{"@type":"Organization","@id":"https:\/\/coffeepeople.ee\/#organization","name":"Coffee People","url":"https:\/\/coffeepeople.ee\/","logo":{"@type":"ImageObject","inLanguage":"en-US","@id":"https:\/\/coffeepeople.ee\/#\/schema\/logo\/image\/","url":"https:\/\/coffeepeople.ee\/wp-content\/uploads\/2021\/06\/coffee-people-logo.png","contentUrl":"https:\/\/coffeepeople.ee\/wp-content\/uploads\/2021\/06\/coffee-people-logo.png","width":188,"height":63,"caption":"Coffee People"},"image":{"@id":"https:\/\/coffeepeople.ee\/#\/schema\/logo\/image\/"}}]}},"_links":{"self":[{"href":"https:\/\/coffeepeople.ee\/en\/wp-json\/wp\/v2\/product\/16024","targetHints":{"allow":["GET"]}}],"collection":[{"href":"https:\/\/coffeepeople.ee\/en\/wp-json\/wp\/v2\/product"}],"about":[{"href":"https:\/\/coffeepeople.ee\/en\/wp-json\/wp\/v2\/types\/product"}],"replies":[{"embeddable":true,"href":"https:\/\/coffeepeople.ee\/en\/wp-json\/wp\/v2\/comments?post=16024"}],"version-history":[{"count":1,"href":"https:\/\/coffeepeople.ee\/en\/wp-json\/wp\/v2\/product\/16024\/revisions"}],"predecessor-version":[{"id":21145,"href":"https:\/\/coffeepeople.ee\/en\/wp-json\/wp\/v2\/product\/16024\/revisions\/21145"}],"wp:featuredmedia":[{"embeddable":true,"href":"https:\/\/coffeepeople.ee\/en\/wp-json\/wp\/v2\/media\/14804"}],"wp:attachment":[{"href":"https:\/\/coffeepeople.ee\/en\/wp-json\/wp\/v2\/media?parent=16024"}],"wp:term":[{"taxonomy":"product_region","embeddable":true,"href":"https:\/\/coffeepeople.ee\/en\/wp-json\/wp\/v2\/product_region?post=16024"},{"taxonomy":"product_taste","embeddable":true,"href":"https:\/\/coffeepeople.ee\/en\/wp-json\/wp\/v2\/product_taste?post=16024"},{"taxonomy":"product_plantation","embeddable":true,"href":"https:\/\/coffeepeople.ee\/en\/wp-json\/wp\/v2\/product_plantation?post=16024"},{"taxonomy":"product_brand","embeddable":true,"href":"https:\/\/coffeepeople.ee\/en\/wp-json\/wp\/v2\/product_brand?post=16024"},{"taxonomy":"product_cat","embeddable":true,"href":"https:\/\/coffeepeople.ee\/en\/wp-json\/wp\/v2\/product_cat?post=16024"},{"taxonomy":"product_tag","embeddable":true,"href":"https:\/\/coffeepeople.ee\/en\/wp-json\/wp\/v2\/product_tag?post=16024"}],"curies":[{"name":"wp","href":"https:\/\/api.w.org\/{rel}","templated":true}]}}