{"id":16038,"date":"2022-04-19T10:18:00","date_gmt":"2022-04-19T07:18:00","guid":{"rendered":"https:\/\/cplive.merada.dev\/product\/coffee-people-360-ml-tops-500tk\/"},"modified":"2026-03-23T14:26:03","modified_gmt":"2026-03-23T12:26:03","slug":"coffee-people-360-ml-tops-500tk","status":"publish","type":"product","link":"https:\/\/coffeepeople.ee\/en\/product\/coffee-people-360-ml-tops-500tk\/","title":{"rendered":"Coffee People 360 ml tops \u00fcmbert\u00f6\u00f6deldav; 500tk"},"content":{"rendered":"<p>Komplekti ei kuulu topsikaaned.<\/p>\n","protected":false},"excerpt":{"rendered":"<p>Komplekti ei kuulu topsikaaned.<\/p>\n","protected":false},"featured_media":15234,"comment_status":"open","ping_status":"closed","template":"","meta":{"_acf_changed":false,"inline_featured_image":false,"footnotes":""},"product_region":[],"product_taste":[],"product_plantation":[],"product_brand":[],"product_cat":[1246],"product_tag":[],"class_list":{"0":"post-16038","1":"product","2":"type-product","3":"status-publish","4":"has-post-thumbnail","6":"product_cat-coffee-people-cups-lids","8":"first","9":"instock","10":"taxable","11":"shipping-taxable","12":"purchasable","13":"product-type-simple"},"acf":[],"yoast_head":"<!-- This site is optimized with the Yoast SEO plugin v26.7 - https:\/\/yoast.com\/wordpress\/plugins\/seo\/ -->\n<title>Coffee People 360 ml tops \u00fcmbert\u00f6\u00f6deldav; 500tk - Coffee People<\/title>\n<meta name=\"robots\" content=\"index, follow, max-snippet:-1, max-image-preview:large, max-video-preview:-1\" \/>\n<link rel=\"canonical\" href=\"https:\/\/coffeepeople.ee\/en\/product\/coffee-people-360-ml-tops-500tk\/\" \/>\n<meta property=\"og:locale\" content=\"en_US\" \/>\n<meta property=\"og:type\" content=\"article\" \/>\n<meta property=\"og:title\" content=\"Coffee People 360 ml tops \u00fcmbert\u00f6\u00f6deldav; 500tk - Coffee People\" \/>\n<meta property=\"og:description\" content=\"Komplekti ei kuulu topsikaaned.\" \/>\n<meta property=\"og:url\" content=\"https:\/\/coffeepeople.ee\/en\/product\/coffee-people-360-ml-tops-500tk\/\" \/>\n<meta property=\"og:site_name\" content=\"Coffee People\" \/>\n<meta property=\"article:modified_time\" content=\"2026-03-23T12:26:03+00:00\" \/>\n<meta property=\"og:image\" content=\"https:\/\/coffeepeople.ee\/wp-content\/uploads\/2022\/04\/marekmetslaid0050-v2.jpg\" \/>\n\t<meta property=\"og:image:width\" content=\"666\" \/>\n\t<meta property=\"og:image:height\" content=\"1000\" \/>\n\t<meta property=\"og:image:type\" content=\"image\/jpeg\" \/>\n<meta name=\"twitter:card\" content=\"summary_large_image\" \/>\n<script type=\"application\/ld+json\" class=\"yoast-schema-graph\">{\"@context\":\"https:\/\/schema.org\",\"@graph\":[{\"@type\":\"WebPage\",\"@id\":\"https:\/\/coffeepeople.ee\/en\/product\/coffee-people-360-ml-tops-500tk\/\",\"url\":\"https:\/\/coffeepeople.ee\/en\/product\/coffee-people-360-ml-tops-500tk\/\",\"name\":\"Coffee People 360 ml tops \u00fcmbert\u00f6\u00f6deldav; 500tk - Coffee People\",\"isPartOf\":{\"@id\":\"https:\/\/coffeepeople.ee\/#website\"},\"primaryImageOfPage\":{\"@id\":\"https:\/\/coffeepeople.ee\/en\/product\/coffee-people-360-ml-tops-500tk\/#primaryimage\"},\"image\":{\"@id\":\"https:\/\/coffeepeople.ee\/en\/product\/coffee-people-360-ml-tops-500tk\/#primaryimage\"},\"thumbnailUrl\":\"https:\/\/coffeepeople.ee\/wp-content\/uploads\/2022\/04\/marekmetslaid0050-v2.jpg\",\"datePublished\":\"2022-04-19T07:18:00+00:00\",\"dateModified\":\"2026-03-23T12:26:03+00:00\",\"breadcrumb\":{\"@id\":\"https:\/\/coffeepeople.ee\/en\/product\/coffee-people-360-ml-tops-500tk\/#breadcrumb\"},\"inLanguage\":\"en-US\",\"potentialAction\":[{\"@type\":\"ReadAction\",\"target\":[\"https:\/\/coffeepeople.ee\/en\/product\/coffee-people-360-ml-tops-500tk\/\"]}]},{\"@type\":\"ImageObject\",\"inLanguage\":\"en-US\",\"@id\":\"https:\/\/coffeepeople.ee\/en\/product\/coffee-people-360-ml-tops-500tk\/#primaryimage\",\"url\":\"https:\/\/coffeepeople.ee\/wp-content\/uploads\/2022\/04\/marekmetslaid0050-v2.jpg\",\"contentUrl\":\"https:\/\/coffeepeople.ee\/wp-content\/uploads\/2022\/04\/marekmetslaid0050-v2.jpg\",\"width\":666,\"height\":1000},{\"@type\":\"BreadcrumbList\",\"@id\":\"https:\/\/coffeepeople.ee\/en\/product\/coffee-people-360-ml-tops-500tk\/#breadcrumb\",\"itemListElement\":[{\"@type\":\"ListItem\",\"position\":1,\"name\":\"Home\",\"item\":\"https:\/\/coffeepeople.ee\/en\/\"},{\"@type\":\"ListItem\",\"position\":2,\"name\":\"Shop\",\"item\":\"https:\/\/coffeepeople.ee\/en\/shop\/\"},{\"@type\":\"ListItem\",\"position\":3,\"name\":\"Coffee People 360 ml tops \u00fcmbert\u00f6\u00f6deldav; 500tk\"}]},{\"@type\":\"WebSite\",\"@id\":\"https:\/\/coffeepeople.ee\/#website\",\"url\":\"https:\/\/coffeepeople.ee\/\",\"name\":\"Coffee People\",\"description\":\"Kas usud, et maailma parimat kohvi tehakse Eestis?\",\"publisher\":{\"@id\":\"https:\/\/coffeepeople.ee\/#organization\"},\"potentialAction\":[{\"@type\":\"SearchAction\",\"target\":{\"@type\":\"EntryPoint\",\"urlTemplate\":\"https:\/\/coffeepeople.ee\/?s={search_term_string}\"},\"query-input\":{\"@type\":\"PropertyValueSpecification\",\"valueRequired\":true,\"valueName\":\"search_term_string\"}}],\"inLanguage\":\"en-US\"},{\"@type\":\"Organization\",\"@id\":\"https:\/\/coffeepeople.ee\/#organization\",\"name\":\"Coffee People\",\"url\":\"https:\/\/coffeepeople.ee\/\",\"logo\":{\"@type\":\"ImageObject\",\"inLanguage\":\"en-US\",\"@id\":\"https:\/\/coffeepeople.ee\/#\/schema\/logo\/image\/\",\"url\":\"https:\/\/coffeepeople.ee\/wp-content\/uploads\/2021\/06\/coffee-people-logo.png\",\"contentUrl\":\"https:\/\/coffeepeople.ee\/wp-content\/uploads\/2021\/06\/coffee-people-logo.png\",\"width\":188,\"height\":63,\"caption\":\"Coffee People\"},\"image\":{\"@id\":\"https:\/\/coffeepeople.ee\/#\/schema\/logo\/image\/\"}}]}<\/script>\n<!-- \/ Yoast SEO plugin. -->","yoast_head_json":{"title":"Coffee People 360 ml tops \u00fcmbert\u00f6\u00f6deldav; 500tk - Coffee People","robots":{"index":"index","follow":"follow","max-snippet":"max-snippet:-1","max-image-preview":"max-image-preview:large","max-video-preview":"max-video-preview:-1"},"canonical":"https:\/\/coffeepeople.ee\/en\/product\/coffee-people-360-ml-tops-500tk\/","og_locale":"en_US","og_type":"article","og_title":"Coffee People 360 ml tops \u00fcmbert\u00f6\u00f6deldav; 500tk - Coffee People","og_description":"Komplekti ei kuulu topsikaaned.","og_url":"https:\/\/coffeepeople.ee\/en\/product\/coffee-people-360-ml-tops-500tk\/","og_site_name":"Coffee People","article_modified_time":"2026-03-23T12:26:03+00:00","og_image":[{"width":666,"height":1000,"url":"https:\/\/coffeepeople.ee\/wp-content\/uploads\/2022\/04\/marekmetslaid0050-v2.jpg","type":"image\/jpeg"}],"twitter_card":"summary_large_image","schema":{"@context":"https:\/\/schema.org","@graph":[{"@type":"WebPage","@id":"https:\/\/coffeepeople.ee\/en\/product\/coffee-people-360-ml-tops-500tk\/","url":"https:\/\/coffeepeople.ee\/en\/product\/coffee-people-360-ml-tops-500tk\/","name":"Coffee People 360 ml tops \u00fcmbert\u00f6\u00f6deldav; 500tk - Coffee People","isPartOf":{"@id":"https:\/\/coffeepeople.ee\/#website"},"primaryImageOfPage":{"@id":"https:\/\/coffeepeople.ee\/en\/product\/coffee-people-360-ml-tops-500tk\/#primaryimage"},"image":{"@id":"https:\/\/coffeepeople.ee\/en\/product\/coffee-people-360-ml-tops-500tk\/#primaryimage"},"thumbnailUrl":"https:\/\/coffeepeople.ee\/wp-content\/uploads\/2022\/04\/marekmetslaid0050-v2.jpg","datePublished":"2022-04-19T07:18:00+00:00","dateModified":"2026-03-23T12:26:03+00:00","breadcrumb":{"@id":"https:\/\/coffeepeople.ee\/en\/product\/coffee-people-360-ml-tops-500tk\/#breadcrumb"},"inLanguage":"en-US","potentialAction":[{"@type":"ReadAction","target":["https:\/\/coffeepeople.ee\/en\/product\/coffee-people-360-ml-tops-500tk\/"]}]},{"@type":"ImageObject","inLanguage":"en-US","@id":"https:\/\/coffeepeople.ee\/en\/product\/coffee-people-360-ml-tops-500tk\/#primaryimage","url":"https:\/\/coffeepeople.ee\/wp-content\/uploads\/2022\/04\/marekmetslaid0050-v2.jpg","contentUrl":"https:\/\/coffeepeople.ee\/wp-content\/uploads\/2022\/04\/marekmetslaid0050-v2.jpg","width":666,"height":1000},{"@type":"BreadcrumbList","@id":"https:\/\/coffeepeople.ee\/en\/product\/coffee-people-360-ml-tops-500tk\/#breadcrumb","itemListElement":[{"@type":"ListItem","position":1,"name":"Home","item":"https:\/\/coffeepeople.ee\/en\/"},{"@type":"ListItem","position":2,"name":"Shop","item":"https:\/\/coffeepeople.ee\/en\/shop\/"},{"@type":"ListItem","position":3,"name":"Coffee People 360 ml tops \u00fcmbert\u00f6\u00f6deldav; 500tk"}]},{"@type":"WebSite","@id":"https:\/\/coffeepeople.ee\/#website","url":"https:\/\/coffeepeople.ee\/","name":"Coffee People","description":"Kas usud, et maailma parimat kohvi tehakse Eestis?","publisher":{"@id":"https:\/\/coffeepeople.ee\/#organization"},"potentialAction":[{"@type":"SearchAction","target":{"@type":"EntryPoint","urlTemplate":"https:\/\/coffeepeople.ee\/?s={search_term_string}"},"query-input":{"@type":"PropertyValueSpecification","valueRequired":true,"valueName":"search_term_string"}}],"inLanguage":"en-US"},{"@type":"Organization","@id":"https:\/\/coffeepeople.ee\/#organization","name":"Coffee People","url":"https:\/\/coffeepeople.ee\/","logo":{"@type":"ImageObject","inLanguage":"en-US","@id":"https:\/\/coffeepeople.ee\/#\/schema\/logo\/image\/","url":"https:\/\/coffeepeople.ee\/wp-content\/uploads\/2021\/06\/coffee-people-logo.png","contentUrl":"https:\/\/coffeepeople.ee\/wp-content\/uploads\/2021\/06\/coffee-people-logo.png","width":188,"height":63,"caption":"Coffee People"},"image":{"@id":"https:\/\/coffeepeople.ee\/#\/schema\/logo\/image\/"}}]}},"_links":{"self":[{"href":"https:\/\/coffeepeople.ee\/en\/wp-json\/wp\/v2\/product\/16038","targetHints":{"allow":["GET"]}}],"collection":[{"href":"https:\/\/coffeepeople.ee\/en\/wp-json\/wp\/v2\/product"}],"about":[{"href":"https:\/\/coffeepeople.ee\/en\/wp-json\/wp\/v2\/types\/product"}],"replies":[{"embeddable":true,"href":"https:\/\/coffeepeople.ee\/en\/wp-json\/wp\/v2\/comments?post=16038"}],"version-history":[{"count":2,"href":"https:\/\/coffeepeople.ee\/en\/wp-json\/wp\/v2\/product\/16038\/revisions"}],"predecessor-version":[{"id":51233,"href":"https:\/\/coffeepeople.ee\/en\/wp-json\/wp\/v2\/product\/16038\/revisions\/51233"}],"wp:featuredmedia":[{"embeddable":true,"href":"https:\/\/coffeepeople.ee\/en\/wp-json\/wp\/v2\/media\/15234"}],"wp:attachment":[{"href":"https:\/\/coffeepeople.ee\/en\/wp-json\/wp\/v2\/media?parent=16038"}],"wp:term":[{"taxonomy":"product_region","embeddable":true,"href":"https:\/\/coffeepeople.ee\/en\/wp-json\/wp\/v2\/product_region?post=16038"},{"taxonomy":"product_taste","embeddable":true,"href":"https:\/\/coffeepeople.ee\/en\/wp-json\/wp\/v2\/product_taste?post=16038"},{"taxonomy":"product_plantation","embeddable":true,"href":"https:\/\/coffeepeople.ee\/en\/wp-json\/wp\/v2\/product_plantation?post=16038"},{"taxonomy":"product_brand","embeddable":true,"href":"https:\/\/coffeepeople.ee\/en\/wp-json\/wp\/v2\/product_brand?post=16038"},{"taxonomy":"product_cat","embeddable":true,"href":"https:\/\/coffeepeople.ee\/en\/wp-json\/wp\/v2\/product_cat?post=16038"},{"taxonomy":"product_tag","embeddable":true,"href":"https:\/\/coffeepeople.ee\/en\/wp-json\/wp\/v2\/product_tag?post=16038"}],"curies":[{"name":"wp","href":"https:\/\/api.w.org\/{rel}","templated":true}]}}