{"id":16745,"date":"2022-05-13T12:44:40","date_gmt":"2022-05-13T09:44:40","guid":{"rendered":"https:\/\/cplive.merada.dev\/product\/ronnefeldt-leafcup-rosy-rose-hip-organic-de-oko-003-15tk\/"},"modified":"2024-09-04T13:41:08","modified_gmt":"2024-09-04T10:41:08","slug":"ronnefeldt-leafcup-rosy-rose-hip-organic-de-oko-003-15tk","status":"publish","type":"product","link":"https:\/\/coffeepeople.ee\/en\/product\/ronnefeldt-leafcup-rosy-rose-hip-organic-de-oko-003-15tk\/","title":{"rendered":"Ronnefeldt LeafCup; Rosy Rose Hip Organic DE-\u00d6KO-003; 15 pcs"},"content":{"rendered":"<p>Rosehips or rose hips are the fruits of wild rose plants. Regular roses have hips too but they are not the same as wild species and not used. Wild rosehips mostly from Ragusa roses are red in color but there are orange species too. Late autumn is the season to find them ripe. Although they are described as fruit, rose hips are not consumed as regular fruits. They are brewed in simmering water and turn into a delicious healing tea.<\/p>\n<p>Ronnefeldt offers carefully produced leaf teas ready-portioned for the cup. They come in their own large filter made of eco-friendly natural fibres so they can unfold to their full size when boiling water is poured over them and release their very own individual flavour.<\/p>\n<p>Classic rose hip and hibiscus fruit infusion crowned with a delicate and subtle dash of roses.<\/p>\n<p><strong>Ingredients:<\/strong> rose hip peel, hibiscus, rose petals.<\/p>\n","protected":false},"excerpt":{"rendered":"<p>T\u00dc\u00dcP: Herbal tea<\/p>\n","protected":false},"featured_media":17277,"comment_status":"open","ping_status":"closed","template":"","meta":{"_acf_changed":false,"inline_featured_image":false,"footnotes":""},"product_region":[],"product_taste":[],"product_plantation":[],"product_brand":[],"product_cat":[1310],"product_tag":[],"class_list":{"0":"post-16745","1":"product","2":"type-product","3":"status-publish","4":"has-post-thumbnail","6":"product_cat-leaf-cup-for-a-mug","8":"first","9":"instock","10":"taxable","11":"shipping-taxable","12":"purchasable","13":"product-type-simple"},"acf":[],"yoast_head":"<!-- This site is optimized with the Yoast SEO plugin v26.7 - https:\/\/yoast.com\/wordpress\/plugins\/seo\/ -->\n<title>Ronnefeldt LeafCup; Rosy Rose Hip Organic DE-\u00d6KO-003; 15 pcs - Coffee People<\/title>\n<meta name=\"robots\" content=\"index, follow, max-snippet:-1, max-image-preview:large, max-video-preview:-1\" \/>\n<link rel=\"canonical\" href=\"https:\/\/coffeepeople.ee\/en\/product\/ronnefeldt-leafcup-rosy-rose-hip-organic-de-oko-003-15tk\/\" \/>\n<meta property=\"og:locale\" content=\"en_US\" \/>\n<meta property=\"og:type\" content=\"article\" \/>\n<meta property=\"og:title\" content=\"Ronnefeldt LeafCup; Rosy Rose Hip Organic DE-\u00d6KO-003; 15 pcs - Coffee People\" \/>\n<meta property=\"og:description\" content=\"T\u00dc\u00dcP: Herbal tea\" \/>\n<meta property=\"og:url\" content=\"https:\/\/coffeepeople.ee\/en\/product\/ronnefeldt-leafcup-rosy-rose-hip-organic-de-oko-003-15tk\/\" \/>\n<meta property=\"og:site_name\" content=\"Coffee People\" \/>\n<meta property=\"article:modified_time\" content=\"2024-09-04T10:41:08+00:00\" \/>\n<meta property=\"og:image\" content=\"https:\/\/coffeepeople.ee\/wp-content\/uploads\/2022\/05\/LC-RosyRoseHip-Packshot.jpg\" \/>\n\t<meta property=\"og:image:width\" content=\"1000\" \/>\n\t<meta property=\"og:image:height\" content=\"665\" \/>\n\t<meta property=\"og:image:type\" content=\"image\/jpeg\" \/>\n<meta name=\"twitter:card\" content=\"summary_large_image\" \/>\n<meta name=\"twitter:label1\" content=\"Est. reading time\" \/>\n\t<meta name=\"twitter:data1\" content=\"1 minute\" \/>\n<script type=\"application\/ld+json\" class=\"yoast-schema-graph\">{\"@context\":\"https:\/\/schema.org\",\"@graph\":[{\"@type\":\"WebPage\",\"@id\":\"https:\/\/coffeepeople.ee\/en\/product\/ronnefeldt-leafcup-rosy-rose-hip-organic-de-oko-003-15tk\/\",\"url\":\"https:\/\/coffeepeople.ee\/en\/product\/ronnefeldt-leafcup-rosy-rose-hip-organic-de-oko-003-15tk\/\",\"name\":\"Ronnefeldt LeafCup; Rosy Rose Hip Organic DE-\u00d6KO-003; 15 pcs - Coffee People\",\"isPartOf\":{\"@id\":\"https:\/\/coffeepeople.ee\/#website\"},\"primaryImageOfPage\":{\"@id\":\"https:\/\/coffeepeople.ee\/en\/product\/ronnefeldt-leafcup-rosy-rose-hip-organic-de-oko-003-15tk\/#primaryimage\"},\"image\":{\"@id\":\"https:\/\/coffeepeople.ee\/en\/product\/ronnefeldt-leafcup-rosy-rose-hip-organic-de-oko-003-15tk\/#primaryimage\"},\"thumbnailUrl\":\"https:\/\/coffeepeople.ee\/wp-content\/uploads\/2022\/05\/LC-RosyRoseHip-Packshot.jpg\",\"datePublished\":\"2022-05-13T09:44:40+00:00\",\"dateModified\":\"2024-09-04T10:41:08+00:00\",\"breadcrumb\":{\"@id\":\"https:\/\/coffeepeople.ee\/en\/product\/ronnefeldt-leafcup-rosy-rose-hip-organic-de-oko-003-15tk\/#breadcrumb\"},\"inLanguage\":\"en-US\",\"potentialAction\":[{\"@type\":\"ReadAction\",\"target\":[\"https:\/\/coffeepeople.ee\/en\/product\/ronnefeldt-leafcup-rosy-rose-hip-organic-de-oko-003-15tk\/\"]}]},{\"@type\":\"ImageObject\",\"inLanguage\":\"en-US\",\"@id\":\"https:\/\/coffeepeople.ee\/en\/product\/ronnefeldt-leafcup-rosy-rose-hip-organic-de-oko-003-15tk\/#primaryimage\",\"url\":\"https:\/\/coffeepeople.ee\/wp-content\/uploads\/2022\/05\/LC-RosyRoseHip-Packshot.jpg\",\"contentUrl\":\"https:\/\/coffeepeople.ee\/wp-content\/uploads\/2022\/05\/LC-RosyRoseHip-Packshot.jpg\",\"width\":1000,\"height\":665},{\"@type\":\"BreadcrumbList\",\"@id\":\"https:\/\/coffeepeople.ee\/en\/product\/ronnefeldt-leafcup-rosy-rose-hip-organic-de-oko-003-15tk\/#breadcrumb\",\"itemListElement\":[{\"@type\":\"ListItem\",\"position\":1,\"name\":\"Home\",\"item\":\"https:\/\/coffeepeople.ee\/en\/\"},{\"@type\":\"ListItem\",\"position\":2,\"name\":\"Shop\",\"item\":\"https:\/\/coffeepeople.ee\/en\/shop\/\"},{\"@type\":\"ListItem\",\"position\":3,\"name\":\"Ronnefeldt LeafCup; Rosy Rose Hip Organic DE-\u00d6KO-003; 15 pcs\"}]},{\"@type\":\"WebSite\",\"@id\":\"https:\/\/coffeepeople.ee\/#website\",\"url\":\"https:\/\/coffeepeople.ee\/\",\"name\":\"Coffee People\",\"description\":\"Kas usud, et maailma parimat kohvi tehakse Eestis?\",\"publisher\":{\"@id\":\"https:\/\/coffeepeople.ee\/#organization\"},\"potentialAction\":[{\"@type\":\"SearchAction\",\"target\":{\"@type\":\"EntryPoint\",\"urlTemplate\":\"https:\/\/coffeepeople.ee\/?s={search_term_string}\"},\"query-input\":{\"@type\":\"PropertyValueSpecification\",\"valueRequired\":true,\"valueName\":\"search_term_string\"}}],\"inLanguage\":\"en-US\"},{\"@type\":\"Organization\",\"@id\":\"https:\/\/coffeepeople.ee\/#organization\",\"name\":\"Coffee People\",\"url\":\"https:\/\/coffeepeople.ee\/\",\"logo\":{\"@type\":\"ImageObject\",\"inLanguage\":\"en-US\",\"@id\":\"https:\/\/coffeepeople.ee\/#\/schema\/logo\/image\/\",\"url\":\"https:\/\/coffeepeople.ee\/wp-content\/uploads\/2021\/06\/coffee-people-logo.png\",\"contentUrl\":\"https:\/\/coffeepeople.ee\/wp-content\/uploads\/2021\/06\/coffee-people-logo.png\",\"width\":188,\"height\":63,\"caption\":\"Coffee People\"},\"image\":{\"@id\":\"https:\/\/coffeepeople.ee\/#\/schema\/logo\/image\/\"}}]}<\/script>\n<!-- \/ Yoast SEO plugin. -->","yoast_head_json":{"title":"Ronnefeldt LeafCup; Rosy Rose Hip Organic DE-\u00d6KO-003; 15 pcs - Coffee People","robots":{"index":"index","follow":"follow","max-snippet":"max-snippet:-1","max-image-preview":"max-image-preview:large","max-video-preview":"max-video-preview:-1"},"canonical":"https:\/\/coffeepeople.ee\/en\/product\/ronnefeldt-leafcup-rosy-rose-hip-organic-de-oko-003-15tk\/","og_locale":"en_US","og_type":"article","og_title":"Ronnefeldt LeafCup; Rosy Rose Hip Organic DE-\u00d6KO-003; 15 pcs - Coffee People","og_description":"T\u00dc\u00dcP: Herbal tea","og_url":"https:\/\/coffeepeople.ee\/en\/product\/ronnefeldt-leafcup-rosy-rose-hip-organic-de-oko-003-15tk\/","og_site_name":"Coffee People","article_modified_time":"2024-09-04T10:41:08+00:00","og_image":[{"width":1000,"height":665,"url":"https:\/\/coffeepeople.ee\/wp-content\/uploads\/2022\/05\/LC-RosyRoseHip-Packshot.jpg","type":"image\/jpeg"}],"twitter_card":"summary_large_image","twitter_misc":{"Est. reading time":"1 minute"},"schema":{"@context":"https:\/\/schema.org","@graph":[{"@type":"WebPage","@id":"https:\/\/coffeepeople.ee\/en\/product\/ronnefeldt-leafcup-rosy-rose-hip-organic-de-oko-003-15tk\/","url":"https:\/\/coffeepeople.ee\/en\/product\/ronnefeldt-leafcup-rosy-rose-hip-organic-de-oko-003-15tk\/","name":"Ronnefeldt LeafCup; Rosy Rose Hip Organic DE-\u00d6KO-003; 15 pcs - Coffee People","isPartOf":{"@id":"https:\/\/coffeepeople.ee\/#website"},"primaryImageOfPage":{"@id":"https:\/\/coffeepeople.ee\/en\/product\/ronnefeldt-leafcup-rosy-rose-hip-organic-de-oko-003-15tk\/#primaryimage"},"image":{"@id":"https:\/\/coffeepeople.ee\/en\/product\/ronnefeldt-leafcup-rosy-rose-hip-organic-de-oko-003-15tk\/#primaryimage"},"thumbnailUrl":"https:\/\/coffeepeople.ee\/wp-content\/uploads\/2022\/05\/LC-RosyRoseHip-Packshot.jpg","datePublished":"2022-05-13T09:44:40+00:00","dateModified":"2024-09-04T10:41:08+00:00","breadcrumb":{"@id":"https:\/\/coffeepeople.ee\/en\/product\/ronnefeldt-leafcup-rosy-rose-hip-organic-de-oko-003-15tk\/#breadcrumb"},"inLanguage":"en-US","potentialAction":[{"@type":"ReadAction","target":["https:\/\/coffeepeople.ee\/en\/product\/ronnefeldt-leafcup-rosy-rose-hip-organic-de-oko-003-15tk\/"]}]},{"@type":"ImageObject","inLanguage":"en-US","@id":"https:\/\/coffeepeople.ee\/en\/product\/ronnefeldt-leafcup-rosy-rose-hip-organic-de-oko-003-15tk\/#primaryimage","url":"https:\/\/coffeepeople.ee\/wp-content\/uploads\/2022\/05\/LC-RosyRoseHip-Packshot.jpg","contentUrl":"https:\/\/coffeepeople.ee\/wp-content\/uploads\/2022\/05\/LC-RosyRoseHip-Packshot.jpg","width":1000,"height":665},{"@type":"BreadcrumbList","@id":"https:\/\/coffeepeople.ee\/en\/product\/ronnefeldt-leafcup-rosy-rose-hip-organic-de-oko-003-15tk\/#breadcrumb","itemListElement":[{"@type":"ListItem","position":1,"name":"Home","item":"https:\/\/coffeepeople.ee\/en\/"},{"@type":"ListItem","position":2,"name":"Shop","item":"https:\/\/coffeepeople.ee\/en\/shop\/"},{"@type":"ListItem","position":3,"name":"Ronnefeldt LeafCup; Rosy Rose Hip Organic DE-\u00d6KO-003; 15 pcs"}]},{"@type":"WebSite","@id":"https:\/\/coffeepeople.ee\/#website","url":"https:\/\/coffeepeople.ee\/","name":"Coffee People","description":"Kas usud, et maailma parimat kohvi tehakse Eestis?","publisher":{"@id":"https:\/\/coffeepeople.ee\/#organization"},"potentialAction":[{"@type":"SearchAction","target":{"@type":"EntryPoint","urlTemplate":"https:\/\/coffeepeople.ee\/?s={search_term_string}"},"query-input":{"@type":"PropertyValueSpecification","valueRequired":true,"valueName":"search_term_string"}}],"inLanguage":"en-US"},{"@type":"Organization","@id":"https:\/\/coffeepeople.ee\/#organization","name":"Coffee People","url":"https:\/\/coffeepeople.ee\/","logo":{"@type":"ImageObject","inLanguage":"en-US","@id":"https:\/\/coffeepeople.ee\/#\/schema\/logo\/image\/","url":"https:\/\/coffeepeople.ee\/wp-content\/uploads\/2021\/06\/coffee-people-logo.png","contentUrl":"https:\/\/coffeepeople.ee\/wp-content\/uploads\/2021\/06\/coffee-people-logo.png","width":188,"height":63,"caption":"Coffee People"},"image":{"@id":"https:\/\/coffeepeople.ee\/#\/schema\/logo\/image\/"}}]}},"_links":{"self":[{"href":"https:\/\/coffeepeople.ee\/en\/wp-json\/wp\/v2\/product\/16745","targetHints":{"allow":["GET"]}}],"collection":[{"href":"https:\/\/coffeepeople.ee\/en\/wp-json\/wp\/v2\/product"}],"about":[{"href":"https:\/\/coffeepeople.ee\/en\/wp-json\/wp\/v2\/types\/product"}],"replies":[{"embeddable":true,"href":"https:\/\/coffeepeople.ee\/en\/wp-json\/wp\/v2\/comments?post=16745"}],"version-history":[{"count":0,"href":"https:\/\/coffeepeople.ee\/en\/wp-json\/wp\/v2\/product\/16745\/revisions"}],"wp:featuredmedia":[{"embeddable":true,"href":"https:\/\/coffeepeople.ee\/en\/wp-json\/wp\/v2\/media\/17277"}],"wp:attachment":[{"href":"https:\/\/coffeepeople.ee\/en\/wp-json\/wp\/v2\/media?parent=16745"}],"wp:term":[{"taxonomy":"product_region","embeddable":true,"href":"https:\/\/coffeepeople.ee\/en\/wp-json\/wp\/v2\/product_region?post=16745"},{"taxonomy":"product_taste","embeddable":true,"href":"https:\/\/coffeepeople.ee\/en\/wp-json\/wp\/v2\/product_taste?post=16745"},{"taxonomy":"product_plantation","embeddable":true,"href":"https:\/\/coffeepeople.ee\/en\/wp-json\/wp\/v2\/product_plantation?post=16745"},{"taxonomy":"product_brand","embeddable":true,"href":"https:\/\/coffeepeople.ee\/en\/wp-json\/wp\/v2\/product_brand?post=16745"},{"taxonomy":"product_cat","embeddable":true,"href":"https:\/\/coffeepeople.ee\/en\/wp-json\/wp\/v2\/product_cat?post=16745"},{"taxonomy":"product_tag","embeddable":true,"href":"https:\/\/coffeepeople.ee\/en\/wp-json\/wp\/v2\/product_tag?post=16745"}],"curies":[{"name":"wp","href":"https:\/\/api.w.org\/{rel}","templated":true}]}}